{"id":6,"date":"2026-01-05T10:28:23","date_gmt":"2026-01-05T10:28:23","guid":{"rendered":"https:\/\/sp9ezm.com\/ezm\/?page_id=6"},"modified":"2026-01-12T00:38:04","modified_gmt":"2026-01-11T23:38:04","slug":"ja-ezm","status":"publish","type":"page","link":"https:\/\/sp9ezm.com\/ezm\/ja-ezm\/","title":{"rendered":"JA"},"content":{"rendered":"\n<figure class=\"wp-block-image size-full\"><img loading=\"lazy\" width=\"640\" height=\"602\" src=\"https:\/\/sp9ezm.com\/ezm\/wp-content\/uploads\/2026\/01\/ja.jpg\" alt=\"\" class=\"wp-image-8\" srcset=\"https:\/\/sp9ezm.com\/ezm\/wp-content\/uploads\/2026\/01\/ja.jpg 640w, https:\/\/sp9ezm.com\/ezm\/wp-content\/uploads\/2026\/01\/ja-300x282.jpg 300w\" sizes=\"auto, (max-width: 640px) 100vw, 640px\" \/><\/figure>\n\n\n\n<blockquote class=\"wp-block-quote is-layout-flow wp-block-quote-is-layout-flow\">\n<blockquote class=\"wp-block-quote is-layout-flow wp-block-quote-is-layout-flow\">\n<p>Przygoda z radiem<\/p>\n\n\n\n<p>Wszystko zacz\u0119\u0142o si\u0119 w roku 1964 , jeszcze w szkole zainteresowa\u0142em si\u0119 radiem nas\u0142uchami na zwyk\u0142ym<\/p>\n\n\n\n<p>odbiorniku pionier , na fali 40m by\u0142o s\u0142ycha\u0107 polskich kr\u00f3tkofalowc\u00f3w jak robili \u0142\u0105czno\u015bci jeszcze na AM-ie<\/p>\n\n\n\n<p>Potem przyszed\u0142 czas wykona\u0107 pierwszy odbiornik wg SP5WW , powoli te\u017c uczy\u0142em si\u0119 telegrafii<\/p>\n\n\n\n<p>W pa\u017adzierniku 1968 powo\u0142ano mnie do odbycia s\u0142u\u017cby wojsowej w Nowym Dworze Mazowieckim na<\/p>\n\n\n\n<p>kompanii \u0142\u0105czno\u015bci , tutaj doskonali\u0142em nauk\u0119 telegrafii , po odbyciu unitarki dalsz\u0105 s\u0142u\u017cb\u0119 odbywa\u0142em w<\/p>\n\n\n\n<p>Jarocinie . Nast\u0119pnie przez d\u0142ugie lata by\u0142em zaj\u0119ty prac\u0105 zawodow\u0105 i rodzin\u0105 .<\/p>\n\n\n\n<p>W 1992 roku los rzuca mnie do Italii , tutaj kupuj\u0119 pierwszego kenwooda TS140 potem TS850S , TS50 , IC706MK2<\/p>\n\n\n\n<p>Tutaj poznaj\u0119 w\u0142oskich kr\u00f3tkofalowc\u00f3w Gigi<a href=\"http:\/\/www.qrz.com\/db\/ik2uvr\">IK2UVR<\/a>&nbsp;,Giuliano&nbsp;<a href=\"http:\/\/www.qrz.com\/db\/ik2vuc\">IK2VUC<\/a>&nbsp;<\/p>\n\n\n\n<p>Marco&nbsp;<a href=\"http:\/\/www.qrz.com\/db\/ik2tdm\">IK2TDM<\/a>&nbsp;Walter&nbsp;<a href=\"http:\/\/www.qrz.com\/db\/ik2wzq\">IK2WZQ<\/a>&nbsp;w klubie&nbsp;<a href=\"http:\/\/www.qrz.com\/db\/iq2va\">IQ2VA<\/a><\/p>\n<\/blockquote>\n\n\n\n<p>W 1995 roku zdaj\u0119 egzamin i otrzymuj\u0119 pierwsz\u0105 licencj\u0119 w Polsce , w 2004 roku kiedy wchodzimy do Unii otwiera si\u0119<\/p>\n\n\n\n<p>mo\u017clwo\u015b\u0107 zrobienia patente i licencji w\u0142oskiej i dostaj\u0119 znak IZ2GIU . Co roku w ostatni\u0105 sobot\u0119 czerwca nasz klub z Busto<\/p>\n\n\n\n<p>Arsizio organizuje wycieczk\u0119 na ham-radio do Friedrichshafen w Niemczech . Lata mijaj\u0105 w 2006 roku kolega z Krakowa<\/p>\n\n\n\n<p>sprowadza z Japonii mi mojego FT950 kt\u00f3rego u\u017cywam do dzi\u015b , mam te\u017c FT1000MP Na pasmach mo\u017cna mnie spotka\u0107 pod znakami&nbsp;<a href=\"http:\/\/www.qrz.com\/db\/sp9ezm\">SP9EZM<\/a>&nbsp;,&nbsp;<a href=\"http:\/\/www.qrz.com\/db\/3z9w\">3Z9W<\/a>&nbsp; na emisjach cyfrowych RTTY , FT8 \/ FT4 , wcze\u015bniej&nbsp;u\u017cywa\u0142em te\u017c znak\u00f3w&nbsp;<a href=\"http:\/\/www.qrz.com\/db\/iz2giu\">IZ2GIU<\/a>&nbsp; i&nbsp;<a href=\"http:\/\/www.qrz.com\/db\/sn800wl\">SN800WL<\/a><\/p>\n\n\n\n<p>Od 2016 roku jestem na emeryturze i od 30 lat nale\u017c\u0119 do PZK<\/p>\n<\/blockquote>\n\n\n\n<a href=\"https:\/\/info.flagcounter.com\/I83m\"><img src=\"https:\/\/s01.flagcounter.com\/count2\/I83m\/bg_FFFFFF\/txt_000000\/border_CCCCCC\/columns_2\/maxflags_10\/viewers_0\/labels_0\/pageviews_0\/flags_0\/percent_0\/\" alt=\"Flag Counter\" border=\"0\"><\/a>\n","protected":false},"excerpt":{"rendered":"","protected":false},"author":1,"featured_media":0,"parent":0,"menu_order":0,"comment_status":"closed","ping_status":"closed","template":"","meta":{"footnotes":""},"class_list":["post-6","page","type-page","status-publish","hentry"],"_links":{"self":[{"href":"https:\/\/sp9ezm.com\/ezm\/wp-json\/wp\/v2\/pages\/6","targetHints":{"allow":["GET"]}}],"collection":[{"href":"https:\/\/sp9ezm.com\/ezm\/wp-json\/wp\/v2\/pages"}],"about":[{"href":"https:\/\/sp9ezm.com\/ezm\/wp-json\/wp\/v2\/types\/page"}],"author":[{"embeddable":true,"href":"https:\/\/sp9ezm.com\/ezm\/wp-json\/wp\/v2\/users\/1"}],"replies":[{"embeddable":true,"href":"https:\/\/sp9ezm.com\/ezm\/wp-json\/wp\/v2\/comments?post=6"}],"version-history":[{"count":3,"href":"https:\/\/sp9ezm.com\/ezm\/wp-json\/wp\/v2\/pages\/6\/revisions"}],"predecessor-version":[{"id":110,"href":"https:\/\/sp9ezm.com\/ezm\/wp-json\/wp\/v2\/pages\/6\/revisions\/110"}],"wp:attachment":[{"href":"https:\/\/sp9ezm.com\/ezm\/wp-json\/wp\/v2\/media?parent=6"}],"curies":[{"name":"wp","href":"https:\/\/api.w.org\/{rel}","templated":true}]}}